{"id":4217,"date":"2015-09-22T16:23:16","date_gmt":"2015-09-22T14:23:16","guid":{"rendered":"http:\/\/cyberpunk.noblogs.org\/?page_id=4217"},"modified":"2016-05-17T19:39:55","modified_gmt":"2016-05-17T17:39:55","slug":"cyberpunk","status":"publish","type":"page","link":"https:\/\/cyberpunk.noblogs.org\/?page_id=4217","title":{"rendered":"CYBERPUNK (CONTACTO)"},"content":{"rendered":"<h1 style=\"text-align: center\"><span style=\"color: #008000\"><strong>NOTAS SOBRE CYBERPUNK<\/strong><\/span><\/h1>\n<p>&nbsp;<\/p>\n<h2><span style=\"color: #999999\"><strong>NOTA PREVIA:<\/strong> QUIENES PRESENTEN DIFICULTADES PARA INGRESAR AL SITIO CON httpS VER SOLUCION <span style=\"text-decoration: underline\"><a style=\"color: #999999;text-decoration: underline\" href=\"http:\/\/www.autistici.org\/es\/ssl.html\" target=\"_blank\">AQUI<\/a><\/span> DE LA PAGINA OFICIAL DE AUTISTICI.<\/span><\/h2>\n<p>&nbsp;<\/p>\n<h2 style=\"text-align: center\"><span lang=\"es-ES\" style=\"color: #999999\">DANDO INICIO A UN \u201cNUEVO PROYECTO\u201d MANTENIENDO ALGUNAS \u00abIDEAS\u00bb DE LO <span style=\"text-decoration: underline\"><a style=\"color: #999999;text-decoration: underline\" href=\"https:\/\/anonimxslibertarixs.wordpress.com\/anonimxslibertarixs\/\">ESCRITO ANTERIORMENTE<\/a><\/span> Y OTRAS NO, INICIAMOS CON CYBERPUNK ACLARANDO LO SIGUIENTE:<\/span><\/h2>\n<p>&nbsp;<\/p>\n<h2><span style=\"color: #999999\">* EL TERMINO CYBERPUNK COMO A OTROS SE LE A DADO MUCHAS DEFINICIONES Y\/<\/span><span style=\"color: #999999\"><span lang=\"es-ES\">O AQUELLXS COMO EL CINE, C\u00d3MIC, LITERATURA, ETC. QUE DISFRAZAN O TRATAN DE MOSTRARNOS EL CYBERPUNK COMO \u00abCIENCIA FICCI\u00d3N\u00bb, FANTAS\u00cdA, SHOW,&#8230; <\/span><\/span><span style=\"color: #999999\">, PARA NOSOTRXS (DE FORMA CORTA, DIRECTA Y SENCILLA) CYBERPUNK \u201cES\u201d LA CRITICA RADICAL \u201cINDIRECTA\u201d DEL \u00abPRESENTE Y EL FUTURO\u00bb UN LUGAR DECADENTE, DESTRUIDO, INHABITABLE (CIVILAZACI\u00d3N, TECNOLOG\u00cdA, DESARROLLISMO, ARTIFICIALIZACI\u00d3N, GUERRAS, URBANISMO, TRANS-HUMANISMO, CYBERGUERRA, TERRORISMO, ARMAS NUCLEARES, DESTRUCCI\u00d3N DE ANIMALES Y NATURALEZA, CONTAMINACI\u00d3N, CORPORACIONES, GOBIERNOS, EJ\u00c9RCITOS, ETC.) Y LA OTRA PARTE TODO EL SECTOR \u201cUNDERGROUND\u201d MAS RADICAL QUE SE OPONE A TODO LO ANTERIOR.<\/span><\/h2>\n<p>&nbsp;<\/p>\n<h2><span style=\"color: #999999\">* LOS DISTINTOS CONTENIDOS QUE SE VALLAN APORTANDO NO SIGNIFICAN QUE CYBERPUNK ESTE DE ACUERDO O EN DES-ACUERDO. SE APORTA PARA EL CONOCIMIENTO DIVERSO Y\/O LA AUTOCR\u00cdTICA DEL MISMO O LO QUE QUIERA, PENSAMOS QUE DEBEMOS DE INFORMARNOS SOBRE LO QUE LIBERA Y LO QUE NO.<\/span><\/h2>\n<p>&nbsp;<\/p>\n<h2><\/h2>\n<h2><span lang=\"es-ES\" style=\"color: #999999\">* ACLARANDO EL POR QUE NOSOTRXS PONEMOS LA WEB DE DONDE SE EXTRAE EL TEXTO, REIVINDICACI\u00d3N, ETC. O COMO MENCIONA <span style=\"text-decoration: underline\"><a style=\"color: #999999;text-decoration: underline\" href=\"http:\/\/wp.me\/p3FGDK-uv\" target=\"_blank\">RADIOAZIONE<\/a><\/span>; ALGUNOS DE LOS MOTIVOS SON LOS SIGUIENTES:<\/span><\/h2>\n<h2><\/h2>\n<h2><span style=\"color: #999999\">\u2013 MUESTRA DE QUE NO, NO LO ESTAMOS INVENTANDO NOSOTRXS<\/span><\/h2>\n<h2><\/h2>\n<h2 style=\"text-align: left\"><span style=\"color: #999999\">\u2013 DEL \u201cRECONOCIMIENTO\u201d DEL \u201cTRABAJO\u201d DE OTRXS ES DECIR NO LO ESTAMOS PASANDO COMO SI LO HUBI\u00c9RAMOS HECHO Y\/O HACERLO PASAR COMO SI NOS LO ENVIARAN, NO ESTAMOS DICIENDO EN NINGUNA PARTE QUE APOYEMOS O ESTEMOS HUYENDO DEL <del>COPYRIGHT<\/del> O <del>COPILEFT<\/del> NO NOS INTERESA NINGUNX. SIMPLEMENTE DAMOS DIFUSI\u00d3N DE LA SITUACI\u00d3N LIBERTARIA Y DE DIVERSOS TEMAS QUE RODEAN A LA LIBERTAD SEA PARA CONSEGUIRLA O COMO LA DESTRUYEN Y DE DONDE SE EXTRAE DICHA INFORMACI\u00d3N.<\/span><\/h2>\n<h2><\/h2>\n<h2><span style=\"color: #999999\">\u2013 POR SI SE PRESENTAN DUDAS SE CONTACTEN CON QUIEN A PUBLICADO LO QUE NOSOTRXS ESTAMOS REPRODUCIENDO (AUNQUE CITEMOS DE DONDE SE RECOGI\u00d3 NO ESTA DICIENDO QUE DE ESE LUGAR SURGI\u00d3 TODO PODR\u00cdA VENIR DE OTRAS PARTES REPRODUCIENDO, REPRODUCIENDO, REPRODUCIENDO\u2026 O LA VERACIDAD DE LO PUBLICADO SI REPRODUCIMOS ALGO DE ALG\u00daN SITIO ES DE SITIOS MUY CONOCIDOS DONDE LLEGA LA MAYOR\u00cdA DE COMUNICADOS E INFORMACI\u00d3N).<\/span><\/h2>\n<h2><\/h2>\n<h2><span style=\"color: #999999\">\u2013 ETC.<\/span><\/h2>\n<h2><\/h2>\n<h2><span style=\"color: #999999\">\u2013 QUE QUEDE CLARO QUE NO LO HACEMOS POR \u201cRESPETAR\u201d LA \u201cPROPIEDAD\u201d O LLEVAR PRESENTE LXS PSIQUIATRICXS COPY- LO QUE SEA, <del>C.C.<\/del>, <del>OPEN SOURCE<\/del>, ETC. POR LA DIFUSI\u00d3N LIBRE O COMO MENCIONA <span style=\"text-decoration: underline\"><a style=\"color: #999999;text-decoration: underline\" href=\"http:\/\/wp.me\/p3FGDK-uv\" target=\"_blank\">INSTINTO SALVAJE<\/a><\/span>:<\/span><\/h2>\n<p>&nbsp;<\/p>\n<h2><\/h2>\n<h2 style=\"text-align: center\"><em><span style=\"color: #999999\">\u201c<span lang=\"es-ES\">FUENTES DE INFORMACI\u00d3N: ENCONTRAMOS NECESARIO EL CITAR DE DONDE SE SACA LA INFORMACI\u00d3N A LA HORA DE PUBLICAR TEMAS COMO REIVINDICACIONES, ASOCIACIONES, MUERTE DE ALG\u00daN COMPA\u00d1ERO O COMPA\u00d1ERA, PERO QUE ESTO SE CONVIERTA COMO UNA NORMA \u00daNICA A LA HORA DE LLEVAR A CABO UNA PUBLICACI\u00d3N NO ESTAMOS DE ACUERDO POR EL SIMPLE HECHO DE QUE CADA PROYECTO LO LEVANTA UN COMPA\u00d1ERO O COMPA\u00d1ERA DE MANERA AN\u00d3NIMA Y RESPONSABLE Y DE QUE SI EXISTE ALG\u00daN ERROR EN LA TRADUCCI\u00d3N O DE LA INFORMACI\u00d3N, SE ESPERA QUE LAS INDIVIDUALIDADES QUE REVISAN LAS WEB Y CUENTEN CON LA INFORMACI\u00d3N CORRECTA, ENV\u00cdEN UN CORREO PARA APOYAR EL PROYECTO CONTRAINFORMATIVO, PARA NO CAER EN LOS PROBLEMAS DE ERRAR EN LA INFORMACI\u00d3N Y TAMPOCO SE LLEGUE A LA SOBERBIA DE EXIGIR LOS DERECHOS DE AUTOR O COPYRIGHT\u201d<\/span><\/span><\/em><\/h2>\n<p>&nbsp;<\/p>\n<h2><\/h2>\n<h2><span style=\"color: #999999\">* CON RESPECTO A LA INFORMACI\u00d3N QUE NOS LLEGA PUBLICAMOS EXACTAMENTE LO QUE NOS ENV\u00cdAN CLARO SIN DAR INFORMACI\u00d3N DE MAS COMO CORREO, COMENTARIOS Y COSAS DIRIGIDAS A NOSOTRXS O COSAS CON LAS QUE NO ESTAMOS DE ACUERDO EN PUBLICAR COMO ENLACES A SITIOS QUE HACEN PARTE DE LAS MULTINACIONALES QUE MUEVEN EL SISTEMA DEL INTERNET NO ESTAREMOS GENER\u00c1NDOLES MAS TRAFICO (GANANCIAS) DESDE ESTE SITIO. DE IGUAL MODO INFORMAMOS A QUIEN NOS LOS ENV\u00cdA Y EN LA ENTRADA PUBLICADA QUE ENLACE O VIDEO, ETC. NO A\u00d1ADIMOS PARA DAR A CONOCER DE QUE HAY ALGO MAS DE INFORMACI\u00d3N POR SI QUIEREN BUSCAR; LA INFORMACI\u00d3N QUE NOS LLEGA Y PUBLICAMOS NO TRAEN FUENTE DE EXTRACCI\u00d3N LOS DEJAMOS AS\u00cd, SIGNIFICA QUE NO LOS ESTAMOS COPIANDO.<\/span><\/h2>\n<p>&nbsp;<\/p>\n<h2 style=\"text-align: center\"><span style=\"color: #999999\">* PARA ENVIAR APORTES: PROPUESTAS, LIBROS, IM\u00c1GENES, PUBLICACIONES, ESCRITOS, NOTICIAS, REIVINDICACIONES, CONTACTO Y QUEJAS, INSULTOS, ETC\u2026 HACERLO A (SIN LOS [ ]):<\/span><\/h2>\n<p>&nbsp;<\/p>\n<h2><\/h2>\n<h2 style=\"text-align: center\"><span style=\"color: #999999\"><strong><span lang=\"es-ES\">anonimxslibertarixs[@]riseup.net<\/span><\/strong><\/span><\/h2>\n<p>&nbsp;<\/p>\n<h2 style=\"text-align: center\"><span style=\"color: #999999\">DEJAMOS LA <a style=\"color: #999999;text-decoration: underline\" href=\"https:\/\/cyberpunk.noblogs.org\/files\/2016\/05\/CYBERPUNK.asc\" target=\"_blank\">LLAVE GPG<\/a> (VERIFICAR CON LA DE ABAJO) PARA QUE NOS ENVIEN TODO ENCRIPTADO:<\/span><\/h2>\n<p>&nbsp;<\/p>\n<h2 style=\"text-align: center\"><\/h2>\n<p><span style=\"color: #808080\">&#8212;&#8211;BEGIN PGP PUBLIC KEY BLOCK&#8212;&#8211;<\/span><\/p>\n<p><span style=\"color: #808080\">mQSuBFc03vgRDADztUCGLei92Al7v1Cg4dxCty+xgKivrTfuHOqxprN43bc6BZTU<\/span><br \/>\n<span style=\"color: #808080\"> IVDxtzmPvPMrv1IfEbISSYT23SYk4U6x4ciqhxU+wGXtdpH6IagDlYD6w9ju5u3V<\/span><br \/>\n<span style=\"color: #808080\"> 3g2jP2ZgTu7K6OOPrbprp10ympOGerYh987MnFP6QLkDXssvPsUwCstE3YTVko0R<\/span><br \/>\n<span style=\"color: #808080\"> IAQo5j0cnABFJOHciRfKwOYFQoqLQghfTvy6zCFzs3v5bG4QaGSCRF1jAVNdKCaU<\/span><br \/>\n<span style=\"color: #808080\"> 7M0JQ7Ht0i8eEzx04ssEEzKwRZ6bgseNxkzjXvqZAcYU32+Oxnz\/sKf0EZMKfdtC<\/span><br \/>\n<span style=\"color: #808080\"> 2kAiUbgfpeDXeOkAyhRCC0Knx6RmYak51uqDRnpbRqaSc\/20ZMGPdVzLSk1\/T\/+l<\/span><br \/>\n<span style=\"color: #808080\"> e9pFIQIAe0GWuCMQ47Rz4z+wwPOUOz5d5H8bEniEA2YBuFp4r6mi6qTSguY7JShx<\/span><br \/>\n<span style=\"color: #808080\"> xNGySd4xrstWwRVdm8EohqYG9a+qW4AhqrSRgOoZAmb5JNgKxsTFPFUf2q6NT7Qx<\/span><br \/>\n<span style=\"color: #808080\"> t0i\/AcLwLy+hDJcBALpGZrNw3KkT+g19IjbaiUdlYNt6f8QgfyY2hv8RSs5RDADQ<\/span><br \/>\n<span style=\"color: #808080\"> UywzPiYEzqSNZxBiGlu5KlTosSgVcniiHXIBidmJB8GieHI4RQywmQli9S\/dc6j3<\/span><br \/>\n<span style=\"color: #808080\"> AJEzTUqTaoDXlr2pcZuJkP5ngmzh+RBe3A54DH6MutUi3TusdDWh8Xpj+m9HgjsR<\/span><br \/>\n<span style=\"color: #808080\"> CIFeTAXyXt7FvHa3BCYkuisjL+WTfng6ga7hA\/xdoEAiSYu\/k7Lf3rxvgaYqg+2p<\/span><br \/>\n<span style=\"color: #808080\"> OrvbDTfB8GV3VTfngLflLIcqGhpyzgLLtV3LdUkfFEhWEC5zFrrMe4tg\/MLQqgSK<\/span><br \/>\n<span style=\"color: #808080\"> YXGYWa7brDrVLVoEtLWW82t9s7dreeG2LSkglXEyuSEoSKkkifXhVcE7cL4rLlUL<\/span><br \/>\n<span style=\"color: #808080\"> Zuj3tI9+Udr77ABechSvRm13ta5FgnLfXv27J+EmVV8ahgQnuNHsdTJUVp5L+t+Q<\/span><br \/>\n<span style=\"color: #808080\"> 8KO37nkTYse8D\/+NJUaPCvtT0rzuz9dheez11Np4C8cpre2YN5FnMSpu\/hv5G4K\/<\/span><br \/>\n<span style=\"color: #808080\"> WHYy1SmyPEAsCFf3wQjVN6Bxa89eCW0zOCwdlm8dLyCTt0D4nLmudxWYbegWMPMM<\/span><br \/>\n<span style=\"color: #808080\"> AJ++ICUNaiULZW+1nbSVuJk8l9a6lKjndUs2SBOeTni212p0el0kbO\/4DDVt9pyU<\/span><br \/>\n<span style=\"color: #808080\"> EWOqIquobZkYF+K8O+sN8uBqESnU9WGxF+B7328hnaKaSx0DXM\/zscKhc8z1qRru<\/span><br \/>\n<span style=\"color: #808080\"> awpt5LAFdxvlZEXJnyIWj\/Cb1gH0irmWk+kziQ3FzKm9KeZo2837LeNtBoMIo7tf<\/span><br \/>\n<span style=\"color: #808080\"> 30Txk1T9hAHbeKai+Itfr1IYsQpzSHxD1aEYtZV+LHRcXIBOZWkyYnYQn8+qdY8i<\/span><br \/>\n<span style=\"color: #808080\"> \/LnOj2q0nnmXUHDTgRYvAcslINBgcwOsUU+tJm\/uHyOdzGuLo+Av545x2wIX7uFG<\/span><br \/>\n<span style=\"color: #808080\"> hEZolw\/uKHwHTZuVFD9udt1EMvEJjGTtoBeZEvZiAvbAyS2J3tahdXKLUXaooMqj<\/span><br \/>\n<span style=\"color: #808080\"> Y1IG15m0WEkYhlUXWHD7Rk1W22hlRBQjytVRHZprorxVwSo47qXwrSJa3OAhke0c<\/span><br \/>\n<span style=\"color: #808080\"> 2U6ZckfhUt+JjYZ78xCRah6y+HjDicHk0MEdwS1u4XxY4mlNyUYB\/\/LTBhBZXJE8<\/span><br \/>\n<span style=\"color: #808080\"> wrQqQ1lCRVJQVU5LIDxhbm9uaW14c2xpYmVydGFyaXhzQHJpc2V1cC5uZXQ+iHkE<\/span><br \/>\n<span style=\"color: #808080\"> ExEKACEFAlc03vgCGwMFCwkIBwMFFQoJCAsFFgIDAQACHgECF4AACgkQXifhMFAl<\/span><br \/>\n<span style=\"color: #808080\"> 60QoswD+NIX9LDLb3s27K9ZCWSl2PBg8IHNBRZ8WQaM2W5lBvEYBAKMpZ9NQ0ce3<\/span><br \/>\n<span style=\"color: #808080\"> 5E\/U+OpFnB\/nbmNT+s\/z+vms2llI2KjVuQQNBFc03vgQEAClFfsisYcmwvhyWUie<\/span><br \/>\n<span style=\"color: #808080\"> 75DRl34SnQA8WwLRLpwsaXQRkiJrj2B4N7LZmb4rIt7u2J5e5k84kWdFl5SAYCui<\/span><br \/>\n<span style=\"color: #808080\"> xrOetP+GbG+CMXjvL\/aaZkvDUQYZTNZ3IvpXIMY\/wUMZvm9+qLFdDhRZuhDlKqMP<\/span><br \/>\n<span style=\"color: #808080\"> O3IqlsKwIkDsJJwIWtEgJ18kZgLW4SOi9dDUUzn028vYqyiyVdU0KzNOK93KQUkm<\/span><br \/>\n<span style=\"color: #808080\"> VutZyGhjoKb\/HFnxY6XOOAKvGjFKZzkj5+XjWo1QB3j29BM97APEewZpwiXMVwiB<\/span><br \/>\n<span style=\"color: #808080\"> ctqyTqEotonyaW3hRnqszH8Wsb99zbvYyc\/51WsmGkXY47xcvCIM5sPR9rvEG5w2<\/span><br \/>\n<span style=\"color: #808080\"> Hbsb6acRbzUlcP4\/XG2tzhiwJb7ivIM77bqyCwLaNmQgcB7WGjvEBypnULQLhrwz<\/span><br \/>\n<span style=\"color: #808080\"> mmEInH5+jHao3p1jcE2PgwXb\/KscgxtcBhkyJe0NoLLgqhCSSHwMgD5V3uenfoFf<\/span><br \/>\n<span style=\"color: #808080\"> Sl1PzO0nRT1ZGOCZy4IAMph3RovRnE6VMOVCfLjPC3mOj0E0e4YbM+l0GhVPQ+dB<\/span><br \/>\n<span style=\"color: #808080\"> 7P25gw89NnNKoWN4yAslkxkXAyG8ONGZFXaPfWh4D\/W5YRXpLzdab8ZCCTQWYnF9<\/span><br \/>\n<span style=\"color: #808080\"> soVOwmzt5QGxRPyzrFvGArqUucqwklBxu4q6rSEqJpxZakmAGhpuh3ZvfMyOmv2b<\/span><br \/>\n<span style=\"color: #808080\"> fSoYsIW+cqEeADhoZzTfObzCVwADBQ\/+It+2Xz6o9uQSjb4tPXGNyFDeoj5fQVFu<\/span><br \/>\n<span style=\"color: #808080\"> mQb4bxkNW+iP2eKMA9wR4LiOkiUK3pVYETWS4hmk39bgRIvBVAJBK4UORVGlpii3<\/span><br \/>\n<span style=\"color: #808080\"> PSjGuNx\/GCFMkHJP8\/n3LCZcjczxOakFEehUPgfPARpVvP5c8Znz1rm0exuqz2wy<\/span><br \/>\n<span style=\"color: #808080\"> JeJ8gtsQBymxU5YpQo32uDsUrVZCrW+7CC4+3PvMplh5TKtyonlVZr65ogRczPWQ<\/span><br \/>\n<span style=\"color: #808080\"> pcHAno3r3KSJt0LPiJNSYZgkBYUR72BEkv2S1KFK6LOafAg4NRbKGJGVNZ4HvS\/w<\/span><br \/>\n<span style=\"color: #808080\"> vvkgyYV6lNjI9d9JmSaGdg5lVncaaSLGMq5eQgjDVe82GEOThPf0LSvqDI+31bpI<\/span><br \/>\n<span style=\"color: #808080\"> bKsOZR1Dp7tV5rSfmXAJz3P6cLRYrIGuO8NAHqOZqxA7pdrIwiXb03aFyIZNkE1S<\/span><br \/>\n<span style=\"color: #808080\"> NxxIIEcwf7kdr7aQWj4F\/zYm9\/mvBQXhDDYaaRvonOoE7PEGIJwR08clSL7XdIfW<\/span><br \/>\n<span style=\"color: #808080\"> AV67iN7GnzUt9m7S8Quwf17jpcc9OibltKNsCk8rd28WEWHQMJcLG9K5qDzO9acJ<\/span><br \/>\n<span style=\"color: #808080\"> +1IxKfhcKH5MlM9LucdmiCyBxps80J8al0s5wi+0nDUmkbD8fiRTLoHySBjys4pG<\/span><br \/>\n<span style=\"color: #808080\"> EDXxQJbN859E9iR3NksQXYbfhbgYL7dz2noK6huf7+Z4f0cTLD0lZl9k9ehnGr8t<\/span><br \/>\n<span style=\"color: #808080\"> XAow4qCPktaIYQQYEQoACQUCVzTe+AIbDAAKCRBeJ+EwUCXrRMltAQCs3ZjSeA6l<\/span><br \/>\n<span style=\"color: #808080\"> e8\/jAi2LpVoXFjExq0jI5GRLEHsD8ESpZAEArXjnjvT54FjzNilnPiiIjAN50Zsv<\/span><br \/>\n<span style=\"color: #808080\"> aVHlV7j8E46ON1k=<\/span><br \/>\n<span style=\"color: #808080\"> =NMeq<\/span><br \/>\n<span style=\"color: #808080\"> &#8212;&#8211;END PGP PUBLIC KEY BLOCK&#8212;&#8211;<\/span><\/p>\n<p>&nbsp;<\/p>\n<h2 style=\"text-align: center\"><span style=\"color: #999999\">(CON ESTO NO SE PRETENDE CREAR ALGO COMO \u201cLAS REGLAS DEL SITIO\u201d, SIMPLEMENTE EXPLICAR SOBRE PREGUNTAS QUE SURJAN).<\/span><\/h2>\n","protected":false},"excerpt":{"rendered":"<p>NOTAS SOBRE CYBERPUNK &nbsp; NOTA PREVIA: QUIENES PRESENTEN DIFICULTADES PARA INGRESAR AL SITIO CON httpS VER SOLUCION AQUI DE LA PAGINA OFICIAL DE AUTISTICI. &nbsp; DANDO INICIO A UN \u201cNUEVO PROYECTO\u201d MANTENIENDO ALGUNAS \u00abIDEAS\u00bb DE LO ESCRITO ANTERIORMENTE Y OTRAS &hellip; <a href=\"https:\/\/cyberpunk.noblogs.org\/?page_id=4217\">Sigue leyendo <span class=\"meta-nav\">&rarr;<\/span><\/a><\/p>\n","protected":false},"author":9930,"featured_media":0,"parent":0,"menu_order":0,"comment_status":"closed","ping_status":"closed","template":"","meta":{"footnotes":""},"class_list":["post-4217","page","type-page","status-publish","hentry"],"_links":{"self":[{"href":"https:\/\/cyberpunk.noblogs.org\/index.php?rest_route=\/wp\/v2\/pages\/4217","targetHints":{"allow":["GET"]}}],"collection":[{"href":"https:\/\/cyberpunk.noblogs.org\/index.php?rest_route=\/wp\/v2\/pages"}],"about":[{"href":"https:\/\/cyberpunk.noblogs.org\/index.php?rest_route=\/wp\/v2\/types\/page"}],"author":[{"embeddable":true,"href":"https:\/\/cyberpunk.noblogs.org\/index.php?rest_route=\/wp\/v2\/users\/9930"}],"replies":[{"embeddable":true,"href":"https:\/\/cyberpunk.noblogs.org\/index.php?rest_route=%2Fwp%2Fv2%2Fcomments&post=4217"}],"version-history":[{"count":30,"href":"https:\/\/cyberpunk.noblogs.org\/index.php?rest_route=\/wp\/v2\/pages\/4217\/revisions"}],"predecessor-version":[{"id":5511,"href":"https:\/\/cyberpunk.noblogs.org\/index.php?rest_route=\/wp\/v2\/pages\/4217\/revisions\/5511"}],"wp:attachment":[{"href":"https:\/\/cyberpunk.noblogs.org\/index.php?rest_route=%2Fwp%2Fv2%2Fmedia&parent=4217"}],"curies":[{"name":"wp","href":"https:\/\/api.w.org\/{rel}","templated":true}]}}