{"id":4225,"date":"2015-09-22T16:25:18","date_gmt":"2015-09-22T14:25:18","guid":{"rendered":"http:\/\/cyberpunk.noblogs.org\/?page_id=4225"},"modified":"2016-06-01T03:16:53","modified_gmt":"2016-06-01T01:16:53","slug":"contra-informacion","status":"publish","type":"page","link":"https:\/\/cyberpunk.noblogs.org\/?page_id=4225","title":{"rendered":"\u00abCONTRA-INFORMACI\u00d3N\u00bb"},"content":{"rendered":"<h2><span style=\"color: #808080\"><strong>&#8211; <a style=\"color: #808080\" href=\"https:\/\/cyberpunk.noblogs.org\/?p=5536\" target=\"_blank\">SANTIAGO, CHILE: URGENTE SOLIDARIDAD CON EL COMPA\u00d1ERO JOS\u00c9 MIGUEL S\u00c1NCHEZ + COMUNICADO<\/a><\/strong><\/span><\/h2>\n<h2><span style=\"color: #808080\"><strong>&#8211; <a style=\"color: #808080\" href=\"https:\/\/cyberpunk.noblogs.org\/?p=5529\" target=\"_blank\">GRECIA: \u00abEL HALC\u00d3N Y LA SERPIENTE\u00bb, PARA MAURICIO MORALES. TEXTO DE CONSPIRACI\u00d3N DE LAS C\u00c9LULAS DEL FUEGO-C\u00c9LULA DE GUERRILLA URBANA<\/a><\/strong><\/span><\/h2>\n<h2><span style=\"color: #808080\"><strong>&#8211; <a style=\"color: #808080\" href=\"https:\/\/cyberpunk.noblogs.org\/?p=5527\" target=\"_blank\">GRECIA: REPORTE SOBRE AUDIENCIA DEL 18\/05 EN JUICIO CONTRA CCF POR EL INTENTO DE FUGA.<\/a><\/strong><\/span><\/h2>\n<h2><span style=\"color: #808080\"><strong>&#8211; <a style=\"color: #808080\" href=\"https:\/\/cyberpunk.noblogs.org\/?p=5514\" target=\"_blank\">CHILE: ESPACIOS PARA LA PROPAGACI\u00d3N DEL CONFLICTO. ESPACIOS PARA LA GUERRA.<\/a><\/strong><\/span><\/h2>\n<h2><span style=\"color: #808080\"><strong>&#8211; <a style=\"color: #808080\" href=\"https:\/\/cyberpunk.noblogs.org\/?p=5512\" target=\"_blank\">GRECIA: TEXTO DE CCF-C\u00c9LULA DE GUERRILLA URBANA EN EL CONTEXTO DE LA CAMPA\u00d1A INTERNACIONAL EN TORNO A LAS OKUPACIONES<\/a><\/strong><\/span><\/h2>\n<h2><span style=\"color: #808080\"><strong>&#8211; <a style=\"color: #808080\" href=\"https:\/\/cyberpunk.noblogs.org\/?p=5499\" target=\"_blank\">GRECIA: NUEVA AUDIENCIA DE JUICIO A CCF POR INTENTO DE FUGA.<\/a><\/strong><\/span><\/h2>\n<h2><span style=\"color: #808080\"><strong><a style=\"color: #808080\" href=\"https:\/\/cyberpunk.noblogs.org\/?p=5484\" target=\"_blank\">&#8211; GRECIA Y CHILE: COMUNICADO CAMPA\u00d1A A LA MIERDA LAS NACIONES, OKUPA EL MUNDO. Y ALGUNAS RESPUESTAS DE INDIVIDUXS Y GRUPOS.<\/a><\/strong><\/span><\/h2>\n<h2><span style=\"color: #808080\"><strong>&#8211; <a style=\"color: #808080\" href=\"https:\/\/cyberpunk.noblogs.org\/?p=5482\" target=\"_blank\">\u00abVARIABLES CA\u00d3TICAS &#8211; UNA CONTRIBUCI\u00d3N TE\u00d3RICA EN PROPUESTA PARA UNA PLATAFORMA ANARQUISTA INFORMAL\u00bb<\/a><\/strong><\/span><\/h2>\n<h2><span style=\"color: #808080\"><strong>&#8211; <a style=\"color: #808080\" href=\"https:\/\/cyberpunk.noblogs.org\/?p=5378\" target=\"_blank\">CHILE: EN LA MEMORIA DE LA GUERRILLA URBANA ANTICAPITALISTA: A 23 A\u00d1OS DEL ASESINATO DE LA JOVEN COMBATIENTE NORMA VERGARA<\/a><\/strong><\/span><\/h2>\n<h2><span style=\"color: #808080\"><strong>&#8211; <a style=\"color: #808080\" href=\"https:\/\/cyberpunk.noblogs.org\/?p=5443\" target=\"_blank\">CHILE: NI OLVIDO, NI SILENCIO NI IMPUNIDAD. POR LOS MUERTOS EN RECITAL DE DOOM\u2026\u00a1VENGANZA!<\/a><\/strong><\/span><\/h2>\n<h2><strong><span style=\"color: #808080\"><span style=\"color: #808080\">&#8211; <a style=\"color: #808080\" href=\"https:\/\/cyberpunk.noblogs.org\/?p=5463\" target=\"_blank\">GRECIA: URGENTE. FUEGO EN PRISI\u00d3N DE KORIDALLOS Y ACTUALIZACI\u00d3N.<\/a><\/span><br \/>\n<\/span><\/strong><\/h2>\n<h2><span style=\"color: #808080\"><strong>&#8211; <a style=\"color: #808080\" href=\"https:\/\/cyberpunk.noblogs.org\/?p=5448\">GRECIA: SOBRE AUDIENCIAS DE JUICIO CONTRA 22 ANARQUISTAS POR \u00abCASOS CCF\u00bb + COMUNICADOS DE CONSPIRACI\u00d3N DE LAS C\u00c9LULAS DEL FUEGO.<\/a><\/strong><\/span><\/h2>\n<h2><span style=\"color: #808080\"><strong>&#8211; <a style=\"color: #808080\" href=\"https:\/\/cyberpunk.noblogs.org\/?p=5432\" target=\"_blank\">BARCELONA, ESPA\u00d1A: COMUNICADO SOBRE LA \u00daLTIMA OPERACI\u00d3N REPRESIVA EN BARCELONA Y EN SOLIDARIDAD CON LA COMPA\u00d1ERA ENCARCELADA EN LA PRISI\u00d3N DE SOTO DE REAL<\/a><\/strong><\/span><\/h2>\n<h2><span style=\"color: #808080\"><strong>&#8211; <a style=\"color: #808080\" href=\"https:\/\/cyberpunk.noblogs.org\/?p=5429\" target=\"_blank\">GRECIA: JUEZA CONTIN\u00daA EL JUICIO CONTRA COMPAS DE CCF A PESAR DE LAS PETICIONES DEL FISCAL Y LOS ABOGADOS DEFENSORES<\/a><\/strong><\/span><\/h2>\n<h2><span style=\"color: #808080\"><strong>&#8211; <a style=\"color: #808080\" href=\"https:\/\/cyberpunk.noblogs.org\/?p=5427\" target=\"_blank\">GRECIA: CARTA DE LA COMPA\u00d1ERA ANARQUISTA PRESA AGGELIKI SPYROPOULOU<\/a><\/strong><\/span><\/h2>\n<h2><span style=\"color: #808080\"><strong>&#8211; <a style=\"color: #808080\" href=\"https:\/\/cyberpunk.noblogs.org\/?p=5405\" target=\"_blank\">ESPA\u00d1A: SE HACE P\u00daBLICA LA SENTENCIA DE M\u00d3NICA Y FRANCISCO<\/a><\/strong><\/span><\/h2>\n<h2><span style=\"color: #808080\"><strong>&#8211; <a style=\"color: #808080\" href=\"https:\/\/cyberpunk.noblogs.org\/?p=5393\" target=\"_blank\">CHILE: POR UN 29 DE MARZO INSURRECTO Y AN\u00c1RQUICO.<\/a><\/strong><\/span><\/h2>\n<h2><span style=\"color: #808080\"><strong>&#8211; <a style=\"color: #808080\" href=\"https:\/\/cyberpunk.noblogs.org\/?p=5329\" target=\"_blank\">CHILE: LIENZO EN MEMORIA DE JAVIER RECABARREN Y AGITANDO ANTE UN NUEVO 29 DE MARZO.<\/a><\/strong><\/span><\/h2>\n<h2><span style=\"color: #808080\"><strong>&#8211; <a style=\"color: #808080\" href=\"https:\/\/cyberpunk.noblogs.org\/?p=5326\" target=\"_blank\">GRECIA: PRISI\u00d3N DE KORYDALLOS. COMUNICADO DE MIEMBRXS DEDE CCF-FAI\/FRI POR EL RECIENTE INTENTO DE ESCAPAR EN HELIC\u00d3PTERO.<\/a><\/strong><\/span><\/h2>\n<h2><span style=\"color: #808080\"><strong>&#8211; <a style=\"color: #808080\" href=\"https:\/\/cyberpunk.noblogs.org\/?p=5318\" target=\"_blank\">EE.UU.: CARTA DE COMPA\u00d1ERX JENNIFER GANN SOBRE CONSPIRACI\u00d3N DE C\u00c9LULAS DEL FUEGO Y LA SOLIDARIDAD CON LA FAI-FRI<\/a><\/strong><\/span><\/h2>\n<h2><span style=\"color: #808080\"><strong>&#8211; <a style=\"color: #808080\" href=\"https:\/\/cyberpunk.noblogs.org\/?p=5316\" target=\"_blank\">ESPA\u00d1A: DESMONTANDO EL ANDAMIO \u2013 ALGUNAS REFLEXIONES PERSONALES TRAS EL JUICIO CONTRA M\u00d3NICA Y FRANCISCO<\/a><\/strong><\/span><\/h2>\n<h2><span style=\"color: #808080\"><strong>&#8211; <a style=\"color: #808080\" href=\"https:\/\/cyberpunk.noblogs.org\/?p=5313\" target=\"_blank\">PALABRAS\/SALUDOS DE CONSPIRACI\u00d3N DE C\u00c9LULAS DEL FUEGO-C\u00c9LULA DE VIOLENCIA METROPOLITANA PARA UNA ACTIVIDAD EN CHILE.<\/a><\/strong><\/span><\/h2>\n<h2><span style=\"color: #808080\"><strong>&#8211; <a style=\"color: #808080\" href=\"https:\/\/cyberpunk.noblogs.org\/?p=5302\" target=\"_blank\">CHILE: BOMBA DE RUIDO CONTRA EMPRESA CONSECIONARIA DE AUTOPISTAS.<\/a><\/strong><\/span><\/h2>\n<h2><span style=\"color: #808080\"><strong>&#8211; <a style=\"color: #808080\" href=\"https:\/\/cyberpunk.noblogs.org\/?p=5299\" target=\"_blank\">BUENOS AIRES, ARGENTINA: MARZO. MES DE AGITACI\u00d3N POR KOSME Y LUKINHIO.<\/a><\/strong><\/span><\/h2>\n<h2><span style=\"color: #808080\"><strong>&#8211; <a style=\"color: #808080\" href=\"https:\/\/cyberpunk.noblogs.org\/?p=5296\" target=\"_blank\">CHILE: FOLLETO EN SOLIDARIDAD CON M\u00d3NICA Y FRANCISCO<\/a><\/strong><\/span><\/h2>\n<h2><span style=\"color: #808080\"><strong>&#8211; <a style=\"color: #808080\" href=\"https:\/\/cyberpunk.noblogs.org\/?p=5288\" target=\"_blank\">\u00a1NUNCA OLVIDADXS! PALABRAS + INFORMATIVO \u00abCASO PDI\u00bb<\/a><\/strong><\/span><\/h2>\n<h2><span style=\"color: #808080\"><strong>&#8211; <a style=\"color: #808080\" href=\"https:\/\/cyberpunk.noblogs.org\/?p=5282\" target=\"_blank\">GRECIA: PALABRAS DE CCF \u2013 C\u00c9LULA DE GUERRILLA URBANA PARA M\u00d3NICA Y FRANCISCO<\/a><\/strong><\/span><\/h2>\n<h2><span style=\"color: #808080\"><strong>&#8211; <a style=\"color: #808080\" href=\"https:\/\/cyberpunk.noblogs.org\/?p=5276\" target=\"_blank\">GRECIA: PRISI\u00d3N DE KORIDALLOS, \u00abSIN RASTRO DE REMORDIMIENTO\u00bb. PALABRAS DE LA COMPA\u00d1ERA ANGELIKI SPYROPOULOU<\/a><\/strong><\/span><\/h2>\n<h2><span style=\"color: #808080\"><strong>&#8211; <a style=\"color: #808080\" href=\"https:\/\/cyberpunk.noblogs.org\/?p=5274\" target=\"_blank\">GRECIA: \u00abEL MOVIMIENTO PERPETUO HACIA LA LIBERTAD &#8230;\u00bb POR CHRISTOS TSAKALOS DE LA CCF \/ FAI-FRI<\/a><\/strong><\/span><\/h2>\n<h2><span style=\"color: #808080\"><strong>&#8211; <a style=\"color: #808080\" href=\"https:\/\/cyberpunk.noblogs.org\/?p=5268\" target=\"_blank\">AFICHE: \u00a1SOLIDARIDAD INSURRECTA CON MONICA CABALLERO Y FRANCISCO SOLAR!<\/a><\/strong><\/span><\/h2>\n<h2><span style=\"color: #808080\"><strong>&#8211; <a style=\"color: #808080\" href=\"https:\/\/cyberpunk.noblogs.org\/?p=5261\" target=\"_blank\">SANTIAGO, CHILE: COMUNICADO EN SOLIDARIDAD AKTIVA KON NUESTRXS HERMANXS FRANCISCO SOLAR Y M\u00d3NICA CABALLERO<\/a><\/strong><\/span><\/h2>\n<h2><span style=\"color: #808080\"><strong>&#8211; <a style=\"color: #808080\" href=\"https:\/\/cyberpunk.noblogs.org\/?p=5253\" target=\"_blank\">NUEVO BLOG: LA RELIGI\u00d3N ESCLAVIZA<\/a><\/strong><\/span><\/h2>\n<h2><span style=\"color: #808080\"><strong>&#8211; <a style=\"color: #808080\" href=\"https:\/\/cyberpunk.noblogs.org\/?p=5251\" target=\"_blank\">ARGENTINA: COMUNICADO. ACCIONES PANFLETARIAS EN BUENOS AIRES<\/a><\/strong><\/span><\/h2>\n<h2><span style=\"color: #808080\"><strong>&#8211; <a style=\"color: #808080\" href=\"https:\/\/cyberpunk.noblogs.org\/?p=5239\" target=\"_blank\">SANTIAGO, CHILE: REIVINDICACI\u00d3N DE ATAQUE INCENDIARIO\/EXPLOSIVO CONTRA BANCO SANTANDER.<\/a><\/strong><\/span><\/h2>\n<h2><span style=\"color: #808080\"><strong>&#8211; <a style=\"color: #808080\" href=\"https:\/\/cyberpunk.noblogs.org\/?p=5236\" target=\"_blank\">ALEMANIA: 9 COCHES INCENDIADOS EN MULHEIM AN DER RUHR EN SOLIDARIDAD CON LXS COMPAS DE LA CCF Y CON M\u00d3NICA Y FRANCISCO. (ES-EN)<\/a><\/strong><\/span><\/h2>\n<h2><span style=\"color: #808080\"><strong>&#8211; <a style=\"color: #808080\" href=\"https:\/\/cyberpunk.noblogs.org\/?p=5227\" target=\"_blank\">ARGENTINA: CUARTO COMUNICADO DE INDIVIDUALISTAS TENDIENDO A LO SALVAJE-2016<\/a><\/strong><\/span><\/h2>\n<h2><span style=\"color: #808080\"><strong>&#8211; <a style=\"color: #808080\" href=\"https:\/\/cyberpunk.noblogs.org\/?p=5225\" target=\"_blank\">TURQU\u00cdA: COMPA\u00d1ERO VEGANO ECO-ANARQUISTA PRESO OSMAN EVCAN INICIA NUEVA HUELGA DE HAMBRE<\/a><\/strong><\/span><\/h2>\n<h2><span style=\"color: #808080\"><strong>&#8211; <a style=\"color: #808080\" href=\"https:\/\/cyberpunk.noblogs.org\/?p=5206\" target=\"_blank\">ESPA\u00d1A: ACTUALIZACI\u00d3N DE LAS ENTRADAS DEL BLOG Y LLAMAMIENTO AL ENV\u00cdO DE CONVOCATORIAS, TEXTOS, ETC EN SOLIDARIDAD CON LOS COMPA\u00d1EROS M\u00d3NICA Y FRANCISCO<\/a><\/strong><\/span><\/h2>\n<h2><span style=\"color: #808080\"><strong>&#8211; <a style=\"color: #808080\" href=\"https:\/\/cyberpunk.noblogs.org\/?p=5204\" target=\"_blank\">ESPA\u00d1A: EL DIOS QUE HAN CREADO ES UN DICTADOR ETERNO. SOLIDARIDAD CON FRANCISCO SOLAR Y M\u00d3NICA CABALLERO<\/a><\/strong><\/span><\/h2>\n<h2><span style=\"color: #808080\"><strong>&#8211; <a style=\"color: #808080\" href=\"https:\/\/cyberpunk.noblogs.org\/?p=5202\" target=\"_blank\">ESPA\u00d1A: 8, 9 Y 10 DE MARZO. JUICIO DE M\u00d3NICA CABALLERO Y FRANCISCO SOLAR<\/a><\/strong><\/span><\/h2>\n<h2><span style=\"color: #808080\"><strong>&#8211; <a style=\"color: #808080\" href=\"https:\/\/cyberpunk.noblogs.org\/?p=5141\" target=\"_blank\">CHILE: NOTICIA SOBRE LA QUEMA DE UN BUS DE TRANSANTIAGO Y TERCER COMUNICADO DE INDIVIDUALISTAS TENDIENDO A LO SALVAJE &#8211; 2016. (ES-EN)<\/a><\/strong><\/span><\/h2>\n<h2><span style=\"color: #808080\"><strong>&#8211; <a style=\"color: #808080\" href=\"https:\/\/cyberpunk.noblogs.org\/?p=5129\" target=\"_blank\">GRECIA: APLAZADO JUICIO POR EL INTENTO DE FUGA DE LAS CCF<\/a><\/strong><\/span><\/h2>\n<h2><span style=\"color: #808080\"><strong>&#8211; <a style=\"color: #808080\" href=\"https:\/\/cyberpunk.noblogs.org\/?p=5125\" target=\"_blank\">GRECIA: POSTER EN SOLIDARIDAD CON COMPA\u00d1ERXS DE CCF POR JUICIO POR EL INTENTO DE FUGA<\/a><\/strong><\/span><\/h2>\n<h2><span style=\"color: #808080\"><strong>&#8211; <a style=\"color: #808080\" href=\"https:\/\/cyberpunk.noblogs.org\/?p=5119\" target=\"_blank\">GRECIA: \u201cALEGATO\u201d DEL COMPA\u00d1ERO ANARCO-NIHILISTA SPYROS MANDYLAS EN JUICIO POR EL PROYECTO F\u00c9NIX<\/a><\/strong><\/span><\/h2>\n<h2><span style=\"color: #808080\"><strong>&#8211; <a style=\"color: #808080\" href=\"https:\/\/cyberpunk.noblogs.org\/?p=5105\" target=\"_blank\">ITALIA: COMUNICADO DE LA FAI \/ FRI DE EL ATAQUE EXPLOSIVO EN TRIBUNAL DE CIVITAVECCHIA.<\/a><\/strong><\/span><\/h2>\n<h2><span style=\"color: #808080\"><strong>&#8211; <a style=\"color: #808080\" href=\"https:\/\/cyberpunk.noblogs.org\/?p=5102\" target=\"_blank\">CHILE: VERSI\u00d3N DIGITAL DE LIBRO \u00abNUESTRO D\u00cdA LLEGAR\u00c1\u00bb ANTE EL JUICIO POR EL INTENTO DE FUGA DE CCF.<\/a><\/strong><\/span><\/h2>\n<h2><span style=\"color: #808080\"><strong>&#8211; <a style=\"color: #808080\" href=\"https:\/\/cyberpunk.noblogs.org\/?p=5078\" target=\"_blank\">GRECIA: \u00abPOR SIEMPRE CULPABLE\u201d. TEXTO DEL COMPA\u00d1ERO PANAGIOTIS ARGIROU EN EL JUICIO POR LOS 250 ATAQUES DE LA CCF \/ FAI-FRI.<\/a><\/strong><\/span><\/h2>\n<h2><span style=\"color: #808080\"><strong>&#8211; <a style=\"color: #808080\" href=\"https:\/\/cyberpunk.noblogs.org\/?p=5076\" target=\"_blank\">M\u00c9XICO: SEGUNDO COMUNICADO DE ITS (2016)<\/a><\/strong><\/span><\/h2>\n<h2><span style=\"color: #808080\"><strong>&#8211; <a style=\"color: #808080\" href=\"https:\/\/cyberpunk.noblogs.org\/?p=5039\" target=\"_blank\">CHILE: ATENTADO INCENDIARIO CONTRA LA FACULTAD DE CIENCIAS EXACTAS DE LA UNIVERSIDAD ANDR\u00c9S BELLO + COMUNICADO<\/a><\/strong><\/span><\/h2>\n<h2><span style=\"color: #808080\"><strong>&#8211; <a style=\"color: #808080\" href=\"https:\/\/cyberpunk.noblogs.org\/?p=5028\" target=\"_blank\">GRECIA: TEXTO DE CONSPIRACI\u00d3N DE C\u00c9LULAS DEL FUEGO &#8211; C\u00c9LULA DE GUERRILLA URBANA.<\/a><\/strong><\/span><\/h2>\n<h2><span style=\"color: #808080\"><strong>&#8211; <a style=\"color: #808080\" href=\"https:\/\/cyberpunk.noblogs.org\/?p=5011\" target=\"_blank\">ESPA\u00d1A: NUEVA WEB DE CONTRAMADRIZ<\/a><\/strong><\/span><\/h2>\n<h2><span style=\"color: #808080\">&#8211; <a style=\"color: #808080\" href=\"https:\/\/cyberpunk.noblogs.org\/?p=5004\" target=\"_blank\">ESPA\u00d1A: FECHA DE JUICIO DE M\u00d3NICA CABALLERO Y FRANCISCO SOLAR<\/a><\/span><\/h2>\n<h2><span style=\"color: #808080\"><strong>&#8211; <a style=\"color: #808080\" href=\"https:\/\/cyberpunk.noblogs.org\/?p=5000\" target=\"_blank\">SANTIAGO, CHILE: CORTE DE CALLE POR LA LIBERACI\u00d3N ANIMAL<\/a><\/strong><\/span><\/h2>\n<h2><span style=\"color: #808080\"><strong>&#8211; <a style=\"color: #808080\" href=\"https:\/\/cyberpunk.noblogs.org\/?p=4980\" target=\"_blank\">EMBOSCADA: NUEVO PROYECTO DE CONTRAINFORMACI\u00d3N<\/a><\/strong><\/span><\/h2>\n<h2><strong><span style=\"color: #808080\">&#8211; <a style=\"color: #808080\" href=\"https:\/\/cyberpunk.noblogs.org\/?p=4975\" target=\"_blank\">M\u00c9XICO: TEXTO EN SOLIDARIDAD CON FERNANDO BARCENAS<\/a><\/span><\/strong><\/h2>\n<h2><span style=\"color: #808080\"><strong>&#8211; <span style=\"color: #808080\"><a style=\"color: #808080\" href=\"https:\/\/cyberpunk.noblogs.org\/?p=4937\" target=\"_blank\">ITALIA: SECTA NIHILISTA DE LA LIBRE MUERTE. \u201cATENTADO POR LA DESTRUCCI\u00d3N DEL C\u00d3DIGO DEONTOL\u00d3GICO FORENSE\u201d Y NOMEN OMEN \u2013 POR NECHAYEVSHCHINA<\/a><\/span><\/strong><\/span><\/h2>\n<h2><span style=\"color: #808080\">&#8211; <a style=\"color: #808080\" href=\"https:\/\/cyberpunk.noblogs.org\/?p=4922\" target=\"_blank\">E.E.U.U.: DECLARACI\u00d3N DEL COMPA\u00d1ERO ANARQUISTA MARIUS MASON POR EL D\u00cdA DE SOLIDARIDAD CON PRESXS TRANS<\/a><\/span><\/h2>\n<h2><span style=\"color: #808080\"><strong>&#8211; <a style=\"color: #808080\" href=\"https:\/\/cyberpunk.noblogs.org\/?p=4909\" target=\"_blank\">ESPA\u00d1A: \u201cNO PIENSO ROMPER MI RECTITUD\u201d CARTA DE NAHUEL A WOLF DOWN<\/a><\/strong><\/span><\/h2>\n<h2><span style=\"color: #808080\"><strong>&#8211; <a style=\"color: #808080\" href=\"https:\/\/cyberpunk.noblogs.org\/?p=4905\" target=\"_blank\">GRECIA: ACTUALIZACI\u00d3N SOBRE NUEVAS REPRESIONES CONTRA CCF Y NIKOS ROMANOS EN LA PRISI\u00d3N DE KORYDALLOS<\/a><\/strong><\/span><\/h2>\n<h2><span style=\"color: #808080\"><strong>&#8211; <a style=\"color: #808080\" href=\"https:\/\/cyberpunk.noblogs.org\/?p=4888\" target=\"_blank\">ATENAS, GRECIA: JUICIO A CCF POR INTENTO DE FUGA FIJADO PARA EL 15 DE FEBRERO DE 2016<\/a><\/strong><\/span><\/h2>\n<h2><span style=\"color: #808080\"><strong>&#8211; <a style=\"color: #808080\" href=\"https:\/\/cyberpunk.noblogs.org\/?p=4886\" target=\"_blank\">E.E.U.U.: TODAV\u00cdA ESTOY VIVO<\/a><\/strong><\/span><\/h2>\n<h2><span style=\"color: #808080\"><strong>&#8211; <a style=\"color: #808080\" href=\"https:\/\/cyberpunk.noblogs.org\/?p=4884\" target=\"_blank\">CALI, COLOMBIA: SOLIDARIDAD CON LA ZAD<\/a><\/strong><\/span><\/h2>\n<h2><span style=\"color: #808080\"><strong>&#8211; <a style=\"color: #808080\" href=\"https:\/\/cyberpunk.noblogs.org\/?p=4890\" target=\"_blank\">ESPA\u00d1A: SE SUSPENDE LA CAMPA\u00d1A DE ENV\u00cdO DE FAXES. GABRIEL DEJA LA HUELGA DE HAMBRE<\/a><\/strong><\/span><\/h2>\n<h2><span style=\"color: #808080\"><strong>&#8211; <a style=\"color: #808080\" href=\"https:\/\/cyberpunk.noblogs.org\/?p=4876\" target=\"_blank\">ESPA\u00d1A: CAMPA\u00d1A DE ENV\u00cdO DE FAX Y LLAMADAS EN SOLIDARIDAD A GABRIEL POMBO DA SILVA<\/a><\/strong><\/span><\/h2>\n<h2><span style=\"color: #808080\"><strong>&#8211; <a style=\"color: #808080\" href=\"https:\/\/cyberpunk.noblogs.org\/?p=4829\" target=\"_blank\">E.E.U.U.: PARA LOS REBELDES, INSURRECCIONISTAS Y HACKTIVISTAS DE TODAS PARTES.<\/a><\/strong><\/span><\/h2>\n<h2><span style=\"color: #808080\"><strong>&#8211; <a style=\"color: #808080\" href=\"https:\/\/cyberpunk.noblogs.org\/?p=4790\" target=\"_blank\">MEXICO: COMUNICADOS SOBRE ATENTADOS CONTRA LA ALIANZA PRO TRANSG\u00c9NICOS Y REACCIONES DE LA PRENSA FRENTE A LOS ATAQUES<\/a><\/strong><\/span><\/h2>\n<h2><span style=\"color: #808080\"><strong>&#8211; <a style=\"color: #808080\" href=\"https:\/\/cyberpunk.noblogs.org\/?p=4761\" target=\"_blank\">ARGENTINA: DOS AVES LIBERADAS EN BUENOS AIRES<\/a><\/strong><\/span><\/h2>\n<h2><span style=\"color: #808080\"><strong>&#8211; <a style=\"color: #808080\" href=\"https:\/\/CHILE: PROYECTO F\u00c9NIX 2016. ARTEFACTO INCENDIARIO CONTRA EMPRESA DE SEGURIDAD.\" target=\"_blank\">CHILE: PROYECTO F\u00c9NIX 2016. ARTEFACTO INCENDIARIO CONTRA EMPRESA DE SEGURIDAD.<\/a><\/strong><\/span><\/h2>\n<h2><strong><span style=\"color: #808080\">&#8211; <a style=\"color: #808080\" href=\"https:\/\/cyberpunk.noblogs.org\/?p=4703\" target=\"_blank\">DESDE E.T.P.: ALGUNAS PALABRAS DE INSTINTO SALVAJE<\/a><\/span><\/strong><\/h2>\n<h2><span style=\"color: #808080\"><strong>&#8211; <a style=\"color: #808080\" href=\"https:\/\/cyberpunk.noblogs.org\/?p=4659\" target=\"_blank\">BUENOS AIRES, ARGENTINA: LIBERACION DE CONEJOS Y SABOTAJE EN LA UNIVERSIDAD DE LA PLATA<\/a><\/strong><\/span><\/h2>\n<h2><span style=\"color: #808080\"><strong>&#8211; <a style=\"color: #808080\" href=\"https:\/\/cyberpunk.noblogs.org\/?p=4653\" target=\"_blank\">SANTIAGO, CHILE: BARRICADAS INCENDIARIAS EN CARRETERA A PASOS DEL AEROPUERTO \u2013 POR UN DICIEMBRE NEGRO<\/a><\/strong><\/span><\/h2>\n<h2><span style=\"color: #808080\"><strong>&#8211; <a style=\"color: #808080\" href=\"https:\/\/cyberpunk.noblogs.org\/?p=4650\" target=\"_blank\">CHILE: COMUNICADO DE CIERRE DEL ESPACIO SOCIAL AUTOGESTIONADO<\/a><\/strong><\/span><\/h2>\n<h2><span style=\"color: #808080\"><strong>&#8211; <a style=\"color: #808080\" href=\"https:\/\/cyberpunk.noblogs.org\/?p=4632\" target=\"_blank\">ESPA\u00d1A: [TEXTOS] &#8211; NOVEDADES EDITORIAL EXNIHILO<\/a><\/strong><\/span><\/h2>\n<h2><span style=\"color: #808080\"><strong>&#8211; <a style=\"color: #808080\" href=\"https:\/\/cyberpunk.noblogs.org\/?p=4630\" target=\"_blank\">BLOQUEO DE ACCESO A DEPARTAMENTO DE EDUCACI\u00d3N<\/a><\/strong><\/span><\/h2>\n<h2><span style=\"color: #808080\"><strong>&#8211; <a style=\"color: #808080\" href=\"https:\/\/cyberpunk.noblogs.org\/?p=4628\" target=\"_blank\">SANTIAGO, CHILE: CR\u00d3NICA DE LA MARCHA EN SOLIDARIDAD CON LXS PRESXS EL 17\/12 \u2013 POR UN DICIEMBRE NEGRO<\/a><\/strong><\/span><\/h2>\n<h2><span style=\"color: #808080\"><strong>&#8211; <a style=\"color: #808080\" href=\"https:\/\/cyberpunk.noblogs.org\/?p=4622\" target=\"_blank\">CHILE: COMUNICADO DE FREDDY, MARCELO, JUAN Y DE LXS COMPAS DEL CSO EL ESCOMBRO DE CONCEPCI\u00d3N, PARA LA DIFUSI\u00d3N:<\/a><\/strong><\/span><\/h2>\n<h2><span style=\"color: #808080\"><strong>&#8211; <a style=\"color: #808080\" href=\"https:\/\/cyberpunk.noblogs.org\/?p=4617\" target=\"_blank\">ESPA\u00d1A: QUIQUE, COMPA\u00d1ERO PRESO TRAS LA OPERACI\u00d3N PANDORA 2, PUESTO EN LIBERTAD<\/a><\/strong><\/span><\/h2>\n<h2><span style=\"color: #808080\"><strong>&#8211; <a style=\"color: #808080\" href=\"https:\/\/cyberpunk.noblogs.org\/?p=4496\" target=\"_blank\">CHILE: BOLET\u00cdN EN SOLIDARIDAD CON CARLOS GUTI\u00c9RREZ&#8230; YA EN LA KALLE<\/a><\/strong><\/span><\/h2>\n<h2><span style=\"color: #808080\"><strong>&#8211; <a style=\"color: #808080\" href=\"https:\/\/cyberpunk.noblogs.org\/?p=4484\" target=\"_blank\">VISP, SUIZA: VEH\u00cdCULO POLICIAL INCENDIADO. (ES-EN)<\/a><\/strong><\/span><\/h2>\n<h2><span style=\"color: #808080\"><strong>&#8211; <a style=\"color: #808080\" href=\"https:\/\/cyberpunk.noblogs.org\/?p=4480\" target=\"_blank\">REINO UNIDO: ATAQUE A LA CASA DEL ADMINISTRADOR DEL PROYECTO PRISI\u00d3N AL NORTE DE GALES. (ES-EN)<\/a><\/strong><\/span><\/h2>\n<h2 class=\"western\" align=\"LEFT\"><span style=\"color: #808080\"><strong>&#8211; <a style=\"color: #808080\" href=\"https:\/\/cyberpunk.noblogs.org\/?p=4456\" target=\"_blank\">ESPA\u00d1A: EL VIERNES 30\/10 PASAN A DISPOSICI\u00d3N JUDICIAL A LOS COMPA\u00d1EROS DETENIDOS EN BARCELONA. ACUDIREMOS A MOSTRAR NUESTRO APOYO<\/a><\/strong><\/span><\/h2>\n<h2 class=\"western\"><span style=\"color: #808080\"><strong>&#8211; <a style=\"color: #808080\" href=\"https:\/\/cyberpunk.noblogs.org\/?p=4464\" target=\"_blank\">ESPA\u00d1A: PRORROGAN LA PRISI\u00d3N PREVENTIVA A M\u00d3NICA Y FRANCISCO.<\/a><\/strong><\/span><\/h2>\n<h2 class=\"western\"><span style=\"color: #808080\"><strong>&#8211; <a style=\"color: #808080\" href=\"https:\/\/cyberpunk.noblogs.org\/?p=4451\" target=\"_blank\">$HILE: ALTIVAS CELULAS AUTONOMAS EN GUERRA ATACAN COORDINADAS A LOS TELETRAK EL 5 DE SEPTIEMBRE<\/a><\/strong><\/span><\/h2>\n<h2 class=\"western\"><span style=\"color: #808080\"><strong>&#8211; <a style=\"color: #808080\" href=\"https:\/\/cyberpunk.noblogs.org\/?p=4445\" target=\"_blank\">ITALIA: BILLY, COSTA Y SILVIA ENVIADXS DE NUEVO A JUICIO<\/a><\/strong><\/span><\/h2>\n<h2 class=\"western\"><span style=\"color: #808080\"><strong>&#8211; <a style=\"color: #808080\" href=\"https:\/\/cyberpunk.noblogs.org\/?p=4430\" target=\"_blank\">ESPA\u00d1A: ACTUALIZACION SOBRE LA VISTA DE MONICA Y FRANCISCO: CONCENTRACION A LAS 20H EN TIRSO DE MOLINA<\/a><\/strong><\/span><\/h2>\n<h2 class=\"western\"><span style=\"color: #808080\"><strong>&#8211; <a style=\"color: #808080\" href=\"https:\/\/cyberpunk.noblogs.org\/?p=4412\" target=\"_blank\">MONTREAL, CANAD\u00c1: CIBERMUNDO. INVALIDADA LA WEB DE UN LABORATORIO DE VIVISECCI\u00d3N<\/a><\/strong><\/span><\/h2>\n<h2 class=\"western\"><span style=\"color: #808080\"><strong>&#8211; <a style=\"color: #808080\" href=\"https:\/\/cyberpunk.noblogs.org\/?p=4375\" target=\"_blank\">ESPA\u00d1A: SOLIDARIDAD CON EL ANARQUISTA JUANKAR<\/a><\/strong><\/span><\/h2>\n<h2 class=\"western\" align=\"LEFT\"><span style=\"color: #808080\"><strong>&#8211; <a style=\"color: #808080\" href=\"https:\/\/cyberpunk.noblogs.org\/?p=4358\" target=\"_blank\">MADRID, ESPA\u00d1A: PANCARTA EN EL ZOO DE MADRID<\/a><\/strong><\/span><\/h2>\n<h2 class=\"western\"><span style=\"color: #808080\"><strong>&#8211; <a style=\"color: #808080\" href=\"https:\/\/cyberpunk.noblogs.org\/?p=4346\" target=\"_blank\">SANTIAGO, CHILE: MENSAJE DEL PRISIONERO LIBERTARIO MARCELO VILLARROEL PARA ACTIVIDAD ANTICARCELARIA [6\/10\/2015]<\/a><\/strong><\/span><\/h2>\n<h2 class=\"western\"><span style=\"color: #808080\"><strong>&#8211; <a style=\"color: #808080\" href=\"https:\/\/cyberpunk.noblogs.org\/?p=4338\" target=\"_blank\">ESPA\u00d1A: CONTRAMADRIZ LLAMAMIENTO.<\/a><\/strong><\/span><\/h2>\n","protected":false},"excerpt":{"rendered":"<p>&#8211; SANTIAGO, CHILE: URGENTE SOLIDARIDAD CON EL COMPA\u00d1ERO JOS\u00c9 MIGUEL S\u00c1NCHEZ + COMUNICADO &#8211; GRECIA: \u00abEL HALC\u00d3N Y LA SERPIENTE\u00bb, PARA MAURICIO MORALES. TEXTO DE CONSPIRACI\u00d3N DE LAS C\u00c9LULAS DEL FUEGO-C\u00c9LULA DE GUERRILLA URBANA &#8211; GRECIA: REPORTE SOBRE AUDIENCIA DEL &hellip; <a href=\"https:\/\/cyberpunk.noblogs.org\/?page_id=4225\">Sigue leyendo <span class=\"meta-nav\">&rarr;<\/span><\/a><\/p>\n","protected":false},"author":9930,"featured_media":0,"parent":0,"menu_order":1,"comment_status":"closed","ping_status":"closed","template":"","meta":{"footnotes":""},"class_list":["post-4225","page","type-page","status-publish","hentry"],"_links":{"self":[{"href":"https:\/\/cyberpunk.noblogs.org\/index.php?rest_route=\/wp\/v2\/pages\/4225","targetHints":{"allow":["GET"]}}],"collection":[{"href":"https:\/\/cyberpunk.noblogs.org\/index.php?rest_route=\/wp\/v2\/pages"}],"about":[{"href":"https:\/\/cyberpunk.noblogs.org\/index.php?rest_route=\/wp\/v2\/types\/page"}],"author":[{"embeddable":true,"href":"https:\/\/cyberpunk.noblogs.org\/index.php?rest_route=\/wp\/v2\/users\/9930"}],"replies":[{"embeddable":true,"href":"https:\/\/cyberpunk.noblogs.org\/index.php?rest_route=%2Fwp%2Fv2%2Fcomments&post=4225"}],"version-history":[{"count":65,"href":"https:\/\/cyberpunk.noblogs.org\/index.php?rest_route=\/wp\/v2\/pages\/4225\/revisions"}],"predecessor-version":[{"id":5545,"href":"https:\/\/cyberpunk.noblogs.org\/index.php?rest_route=\/wp\/v2\/pages\/4225\/revisions\/5545"}],"wp:attachment":[{"href":"https:\/\/cyberpunk.noblogs.org\/index.php?rest_route=%2Fwp%2Fv2%2Fmedia&parent=4225"}],"curies":[{"name":"wp","href":"https:\/\/api.w.org\/{rel}","templated":true}]}}