{"id":4227,"date":"2015-09-22T16:25:45","date_gmt":"2015-09-22T14:25:45","guid":{"rendered":"http:\/\/cyberpunk.noblogs.org\/?page_id=4227"},"modified":"2016-03-30T16:42:59","modified_gmt":"2016-03-30T14:42:59","slug":"noticias","status":"publish","type":"page","link":"https:\/\/cyberpunk.noblogs.org\/?page_id=4227","title":{"rendered":"NOTICIAS"},"content":{"rendered":"<h1 style=\"text-align: center\"><span style=\"color: #008000\"><strong><span lang=\"es-ES\">En esta secci\u00f3n encontraran todo lo relacionado con noticias a nivel mundial que \u201cINFORMAN\u201d de los acontecimientos que nos rodea y que hacen parte de los objetivos que toman las distintas manifestaciones de anarqu\u00eda y otros\u2026<\/span><\/strong><\/span><\/h1>\n<h1 style=\"text-align: center\" align=\"CENTER\"><span style=\"color: #008000\"><strong>(Lo aqu\u00ed publicado no insin\u00faa que CYBERPUNK esta de acuerdo o en des-acuerdo)<\/strong><\/span><\/h1>\n<h1><span style=\"color: #008000\"><strong>______________________________________________________________________<\/strong><\/span><\/h1>\n<h2><span style=\"color: #808080\"><strong>&#8211; <a style=\"color: #808080\" href=\"https:\/\/cyberpunk.noblogs.org\/?p=5352\" target=\"_blank\"><del>SEA WORLD<\/del> TERMINA CON SU POL\u00c9MICO PROGRAMA DE CR\u00cdA DE ORCAS<\/a><\/strong><\/span><\/h2>\n<h2><span style=\"color: #808080\"><strong>&#8211; <a style=\"color: #808080\" href=\"https:\/\/cyberpunk.noblogs.org\/?p=5175\" target=\"_blank\">HACKER DE 16 A\u00d1OS DETENIDO POR HACKEAR LA <del>CIA<\/del> Y <del>LA CASA BLANCA<\/del><\/a><\/strong><\/span><\/h2>\n<h2><span style=\"color: #808080\"><strong>&#8211; <a style=\"color: #808080\" href=\"https:\/\/cyberpunk.noblogs.org\/?p=5045\" target=\"_blank\">ESTA CARNE DE LABORATORIO PUEDE ESTAR EN TU PLATO MUY PRONTO<\/a><\/strong><\/span><\/h2>\n<h2><span style=\"color: #808080\"><strong>&#8211; <a style=\"color: #808080\" href=\"https:\/\/cyberpunk.noblogs.org\/?p=4959\" target=\"_blank\">NOTICIAS DE \u00abAVANCES\u00bb EN NEUROCIENCIA<\/a><\/strong><\/span><\/h2>\n<h2><span style=\"color: #808080\"><strong>&#8211; <a style=\"color: #808080\" href=\"https:\/\/cyberpunk.noblogs.org\/?p=4788\" target=\"_blank\"><del>MONSANTO<\/del> Y LA <del>FUNDACI\u00d3N GATES<\/del> PRESIONAN A KENIA PARA LEVANTAR LA PROHIBICI\u00d3N SOBRE TRANSG\u00c9NICOS. PLANES PARA \u00c1FRICA EN EL NWO<\/a><\/strong><\/span><\/h2>\n<h2><span style=\"color: #808080\"><strong>&#8211; <a style=\"color: #808080\" href=\"https:\/\/cyberpunk.noblogs.org\/?p=4786\" target=\"_blank\">FRANKENFISH EL SALM\u00d3N TRANSG\u00c9NICO. (ES-CAT)<\/a><\/strong><\/span><\/h2>\n<h2><span style=\"color: #808080\"><strong>&#8211; <a style=\"color: #808080\" href=\"https:\/\/cyberpunk.noblogs.org\/?p=4709\" target=\"_blank\">LA GUERRA CONTRA EL CIFRADO: LOS GOBIERNOS VS. LA PRIVACIDAD<\/a><\/strong><\/span><\/h2>\n<h2><span style=\"color: #808080\"><strong>&#8211; <a style=\"color: #808080\" href=\"https:\/\/cyberpunk.noblogs.org\/?p=4707\" target=\"_blank\">\u00bfSAB\u00cdAS QUE LA NSA (AGENCIA NACIONAL DE SEGURIDAD) HA CONSTRUIDO UN MAPA DE TODO EL MUNDO A TRAV\u00c9S DE LOS V\u00cdNCULOS COMUNICATIVOS DE TODOS LOS EMAILS, CHATS Y TRANSACCIONES FINANCIERAS? Y COMO ENFRENTARLOS.<\/a><\/strong><\/span><\/h2>\n<h2><span style=\"color: #808080\"><strong>&#8211; <a style=\"color: #808080\" href=\"https:\/\/cyberpunk.noblogs.org\/?p=4665\" target=\"_blank\">\u00ab<del>FACEBOOK<\/del> NO ME GUSTA\u00bb: ATACAN LA SEDE DE LA RED SOCIAL EN ALEMANIA CAUSANDO GRAVES DA\u00d1OS<\/a><\/strong><\/span><\/h2>\n<h2><span style=\"color: #808080\"><strong>&#8211; <a style=\"color: #808080\" href=\"https:\/\/cyberpunk.noblogs.org\/?p=4667\" target=\"_blank\">LOS CIBERATAQUES A WEBS NIPONAS SE DISPARAN EN PROTESTA POR CAZA DE DELFINES Y BALLENAS<\/a><\/strong><\/span><\/h2>\n<p><span style=\"color: #808080\"><strong>&#8211; <a style=\"color: #808080\" href=\"https:\/\/cyberpunk.noblogs.org\/?p=4437\" target=\"_blank\">ESTO ES LO QUE HACE GOOGLE CUANDO LE PREGUNTAS ALGO QUE NUNCA HA RESPONDIDO<\/a><\/strong><\/span><\/p>\n<h2 class=\"western\"><span style=\"color: #808080\"><strong>&#8211; <a style=\"color: #808080\" href=\"https:\/\/cyberpunk.noblogs.org\/?p=4368\" target=\"_blank\">FRONTERAS BIOM\u00c9TRICAS Y AGRESIONES INFANTICIDAS.<\/a><\/strong><\/span><\/h2>\n","protected":false},"excerpt":{"rendered":"<p>En esta secci\u00f3n encontraran todo lo relacionado con noticias a nivel mundial que \u201cINFORMAN\u201d de los acontecimientos que nos rodea y que hacen parte de los objetivos que toman las distintas manifestaciones de anarqu\u00eda y otros\u2026 (Lo aqu\u00ed publicado no &hellip; <a href=\"https:\/\/cyberpunk.noblogs.org\/?page_id=4227\">Sigue leyendo <span class=\"meta-nav\">&rarr;<\/span><\/a><\/p>\n","protected":false},"author":9930,"featured_media":0,"parent":0,"menu_order":2,"comment_status":"closed","ping_status":"closed","template":"","meta":{"footnotes":""},"class_list":["post-4227","page","type-page","status-publish","hentry"],"_links":{"self":[{"href":"https:\/\/cyberpunk.noblogs.org\/index.php?rest_route=\/wp\/v2\/pages\/4227","targetHints":{"allow":["GET"]}}],"collection":[{"href":"https:\/\/cyberpunk.noblogs.org\/index.php?rest_route=\/wp\/v2\/pages"}],"about":[{"href":"https:\/\/cyberpunk.noblogs.org\/index.php?rest_route=\/wp\/v2\/types\/page"}],"author":[{"embeddable":true,"href":"https:\/\/cyberpunk.noblogs.org\/index.php?rest_route=\/wp\/v2\/users\/9930"}],"replies":[{"embeddable":true,"href":"https:\/\/cyberpunk.noblogs.org\/index.php?rest_route=%2Fwp%2Fv2%2Fcomments&post=4227"}],"version-history":[{"count":13,"href":"https:\/\/cyberpunk.noblogs.org\/index.php?rest_route=\/wp\/v2\/pages\/4227\/revisions"}],"predecessor-version":[{"id":4269,"href":"https:\/\/cyberpunk.noblogs.org\/index.php?rest_route=\/wp\/v2\/pages\/4227\/revisions\/4269"}],"wp:attachment":[{"href":"https:\/\/cyberpunk.noblogs.org\/index.php?rest_route=%2Fwp%2Fv2%2Fmedia&parent=4227"}],"curies":[{"name":"wp","href":"https:\/\/api.w.org\/{rel}","templated":true}]}}