{"id":4233,"date":"2015-09-22T16:26:32","date_gmt":"2015-09-22T14:26:32","guid":{"rendered":"http:\/\/cyberpunk.noblogs.org\/?page_id=4233"},"modified":"2016-02-22T00:49:32","modified_gmt":"2016-02-21T23:49:32","slug":"enlaces","status":"publish","type":"page","link":"https:\/\/cyberpunk.noblogs.org\/?page_id=4233","title":{"rendered":"ENLACES"},"content":{"rendered":"<h1 style=\"text-align: center\"><strong><span style=\"color: #008000\">En esta secci\u00f3n encontraran enlaces a sitios webs actualizados y des-actualizados de distintas tem\u00e1ticas. Los enlaces est\u00e1n se\u00f1alados por colores indicando si esta activo (actualizado) o no.<\/span><\/strong><\/h1>\n<h1 style=\"text-align: center\"><span style=\"color: #008000\">quien quiera que enlacemos \u00absu\u00bb sitio y no este en la lista o no quieran estar en la lista nos lo comunican: <span lang=\"es-ES\">anonimxslibertarixs[@]riseup.net<\/span><\/span><\/h1>\n<h2><strong><span style=\"color: #008000\">_________________________________________________________________________<\/span><\/strong><\/h2>\n<h1 style=\"text-align: center\"><span style=\"color: #008000\"><strong>\u00abAFINES\u00bb<\/strong><\/span><\/h1>\n<h1 style=\"text-align: center\"><span style=\"color: #008000\"><strong>* ACTIVOS (2015) \u00a0 \u00a0\u00a0\u00a0\u00a0 <span style=\"color: #999999\">&amp; \u00a0\u00a0\u00a0\u00a0\u00a0 <\/span><span style=\"color: #800000\">* NO ACTIVOS<\/span><br \/>\n<\/strong><\/span><\/h1>\n<p>&nbsp;<\/p>\n<h2><span style=\"color: #808080\"><strong>\u00abCONTRA-INFORMACI\u00d3N\u00bb<\/strong><\/span><\/h2>\n<h2><span style=\"color: #008000\">* <\/span><span style=\"color: #999999\">http:\/\/actforfree.nostate.net <\/span><\/h2>\n<h2><span style=\"color: #008000\">* <\/span><span style=\"color: #999999\">https:\/\/interarma.info<\/span><\/h2>\n<h2><span style=\"color: #008000\">*<\/span> <span style=\"color: #999999\">https:\/\/contrainfo.espiv.net<\/span><\/h2>\n<h2><span style=\"color: #008000\">*<\/span> <span style=\"color: #999999\">http:\/\/www.directaction.info<\/span><\/h2>\n<h2><span style=\"color: #008000\">*<\/span><span style=\"color: #999999\"> http:\/\/zagovornaednakvite.info<\/span><\/h2>\n<h2><span style=\"color: #008000\">*<\/span> <span style=\"color: #999999\">https:\/\/attaque.noblogs.org<\/span><\/h2>\n<h2><span style=\"color: #008000\">*<\/span> <span style=\"color: #999999\">https:\/\/porlaanarquia.espivblogs.net<\/span><\/h2>\n<h2><span style=\"color: #008000\">*<\/span> <span style=\"color: #999999\"><strong><span style=\"font-family: Arial,Helvetica,sans-serif\"><span lang=\"es-CL\">https:\/\/irakunditxs.wordpress.com<\/span><\/span><\/strong><\/span><\/h2>\n<h2><span style=\"color: #999999\"><span style=\"color: #008000\">*<\/span> https:\/\/contramadriz.espivblogs.net<\/span><\/h2>\n<h2><span style=\"color: #008000\">*<\/span> <span style=\"color: #999999\">https:\/\/contrainformateblog.wordpress.com<\/span><\/h2>\n<h2><span style=\"color: #999999\"><span style=\"color: #008000\">*<\/span> https:\/\/publicacionrefractario.wordpress.com<\/span><\/h2>\n<h2><span style=\"color: #999999\"><span style=\"color: #008000\">* <\/span>http:\/\/anticop21.org<\/span><\/h2>\n<h2><span style=\"color: #008000\">*<\/span> <span style=\"color: #999999\">https:\/\/vozcomoarma.noblogs.org<\/span><\/h2>\n<h2><span style=\"color: #008000\">* <\/span><span lang=\"en-US\" style=\"color: #999999\">https:\/\/noticiasanarquistas.noblogs.org<\/span><\/h2>\n<h2><span style=\"color: #008000\">*<\/span> <span style=\"color: #999999\">https:\/\/www.instintosalvaje.entodaspartes.net<\/span><\/h2>\n<h2><span style=\"color: #008000\">*<\/span> <span style=\"color: #999999\">https:\/\/emboscada.espivblogs.net<\/span><\/h2>\n<h2><span style=\"color: #008000\">* <\/span><span style=\"color: #999999\">http:\/\/www.portaloaca.com<\/span><\/h2>\n<h2><span style=\"color: #008000\">* <\/span><span style=\"color: #999999\">https:\/\/noticiasdelaguerrasocial.wordpress.com<\/span><\/h2>\n<h2><span style=\"color: #800000\">* <\/span><span style=\"color: #999999\">https:\/\/anonimxslibertarixs.wordpress.com<\/span><\/h2>\n<h2><span style=\"color: #800000\">*<\/span> <span style=\"color: #999999\">http:\/\/vozcomoarma.blogspot.com<\/span><\/h2>\n<h2><span style=\"color: #800000\">*<\/span> <span style=\"color: #999999\">https:\/\/materialanarquista.espiv.net<\/span><\/h2>\n<h2><span style=\"color: #999999\"><span style=\"color: #800000\">*<\/span> https:\/\/vivalaanarquia.espivblogs.net<\/span><\/h2>\n<h2><span style=\"color: #999999\"><span style=\"color: #800000\">*<\/span> http:\/\/rojoscuro.blogspot.com<\/span><\/h2>\n<h2><span style=\"color: #999999\"><span style=\"color: #800000\">*<\/span> https:\/\/instintosalvaje.noblogs.org<\/span><\/h2>\n<h2><span style=\"color: #800000\">*<\/span> <span style=\"color: #999999\">https:\/\/feartosleep.espivblogs.net<\/span><\/h2>\n<h2><span style=\"color: #800000\">* <\/span><span style=\"color: #999999\">http:\/\/liberaciontotal.lahaine.org<\/span><\/h2>\n<h2><span style=\"color: #800000\">* <\/span><span style=\"color: #999999\">http:\/\/tusilencioescomplicidad.blogspot.com<\/span><\/h2>\n<h2><span style=\"color: #999999\"><span style=\"color: #800000\">*<\/span> https:\/\/contramadriz.espiv.net<\/span><\/h2>\n<p>&nbsp;<\/p>\n<h2><span style=\"color: #808080\">DISTRIS, EDITORIALES, LIBROS Y\u00a0PUBLICACIONES<\/span><\/h2>\n<h2><span style=\"color: #008000\">*<\/span> <span style=\"color: #999999\">https:\/\/distribuidorapeligrosidadsocial.wordpress.com<\/span><\/h2>\n<h2><span style=\"color: #008000\">*<\/span> <span style=\"color: #999999\">https:\/\/untorellipress.noblogs.org<\/span><\/h2>\n<h2><span style=\"color: #008000\">*<\/span> <span lang=\"es-CL\"><span style=\"color: #999999\">https:\/\/bardoediciones.noblogs.org<\/span> <\/span><\/h2>\n<h2><span style=\"color: #008000\">*<\/span> <span style=\"color: #999999\">https:\/\/grupoeditorialverbanegra.wordpress.com<\/span><\/h2>\n<h2><span style=\"color: #008000\">*<\/span> <span style=\"color: #999999\">https:\/\/feralediciones.noblogs.org<\/span><\/h2>\n<h2><span style=\"color: #008000\">* <\/span><span style=\"color: #999999\">https:\/\/exnihilo.noblogs.org<\/span><\/h2>\n<h2><span style=\"color: #008000\">* <\/span><span style=\"color: #999999\">http:\/\/ochodoscuatroediciones.org<\/span><\/h2>\n<h2><span style=\"color: #800000\">*<\/span> <span style=\"color: #999999\">https:\/\/edicionesgazakia.espivblogs.net<\/span><\/h2>\n<h2><span style=\"color: #800000\">* <\/span><span style=\"color: #999999\">https:\/\/tierraverdediciones.wordpress.com<\/span><\/h2>\n<p>&nbsp;<\/p>\n<h2><\/h2>\n<h2><\/h2>\n<h2><span style=\"color: #808080\"><strong>\u00abMUSICA\u00bb<\/strong><\/span><\/h2>\n<h2><span style=\"color: #008000\">*<\/span> <span style=\"color: #999999\">http:\/\/www.anarcho-punk.net<\/span><\/h2>\n<h2><span style=\"color: #008000\">* <\/span><span style=\"color: #999999\">http:\/\/punksaragon.blogspot.com<\/span><\/h2>\n<h2><span style=\"color: #008000\">* <\/span><span style=\"color: #999999\">http:\/\/elatascaderosurvivor.blogspot.com<\/span><\/h2>\n<h2><span style=\"color: #008000\">* <\/span><span style=\"color: #999999\">http:\/\/www.ioriska.net<\/span><\/h2>\n<h2><span style=\"color: #008000\">*<\/span> <span style=\"color: #999999\">http:\/\/punk-medallo.blogspot.com<\/span><\/h2>\n<h2><span style=\"color: #008000\">* <\/span><span style=\"color: #999999\">https:\/\/duelotirso.noblogs.org<\/span><\/h2>\n<h2><span style=\"color: #008000\">*<\/span> <span style=\"color: #999999\">http:\/\/nosolodepunkviveelhombre.blogspot.com<\/span><\/h2>\n<h2><span style=\"color: #008000\">*<\/span> <span style=\"color: #999999\">http:\/\/hiphopateneu.blogspot.com<\/span><\/h2>\n<h2><span style=\"color: #008000\">*<\/span> <span style=\"color: #999999\">http:\/\/www.folieatrois.org\/<\/span><\/h2>\n<h2><span style=\"color: #008000\">*<\/span> <span style=\"color: #999999\">http:\/\/www.mundolibertario.org<\/span><\/h2>\n<h2><span style=\"color: #008000\">*<\/span> <span style=\"color: #999999\">http:\/\/paradoxusluporum.blogspot.com<\/span><\/h2>\n<h2><span style=\"color: #008000\">* <\/span><span style=\"color: #999999\">https:\/\/elbardoewok.wordpress.com<\/span><\/h2>\n<h2><span style=\"color: #008000\">*<span style=\"color: #999999\"> https:\/\/makutoheyoka.wordpress.com<\/span><\/span><\/h2>\n<h2><span style=\"color: #800000\">* <\/span><span style=\"color: #999999\">https:\/\/bandabonnot.wordpress.com<\/span><\/h2>\n<h2><span style=\"color: #008000\">\u00a0<\/span><\/h2>\n<h2><span style=\"color: #808080\"><strong>AUDIOVISUALES<br \/>\n<\/strong><\/span><\/h2>\n<h2><span style=\"color: #008000\">*<\/span>\u00a0<span style=\"color: #999999\">http:\/\/www.rebeldemule.org<\/span><\/h2>\n<p>&nbsp;<\/p>\n<h2><span style=\"color: #808080\"><strong>RADIOS<\/strong><\/span><\/h2>\n<h2><span style=\"color: #008000\">*<\/span> <span style=\"color: #999999\">http:\/\/tomalatierra.org<\/span><\/h2>\n<h2><span style=\"color: #999999\"><span style=\"color: #008000\">*\u00a0<\/span><\/span><span style=\"color: #999999\">http:\/\/www.resistenciavegana.es<\/span><\/h2>\n<p>&nbsp;<\/p>\n<h2><span style=\"color: #808080\"><strong>OKUPAS (C.S.O.)<\/strong><\/span><\/h2>\n<h2><span style=\"color: #008000\">*<\/span> <span style=\"color: #999999\">https:\/\/resiste.squat.net<\/span><\/h2>\n<h2><span style=\"color: #008000\">*<\/span> <span style=\"color: #999999\">http:\/\/cstierranegra.jimdo.com<\/span><\/h2>\n<h2><span style=\"color: #008000\">*<\/span> <span style=\"color: #999999\">http:\/\/www.okupatutambien.net<\/span><\/h2>\n<h2><span style=\"color: #008000\">*<\/span><span style=\"color: #999999\"> http:\/\/www.auditoriocheguevara.org<\/span><\/h2>\n<h2><span style=\"color: #800000\">* <\/span><span style=\"color: #999999\">https:\/\/bibliotecasantecaserio.wordpress.com\/<\/span><\/h2>\n<h2><span style=\"color: #800000\">*<\/span> <span style=\"color: #999999\">https:\/\/centrosocialyculturallibertario.wordpress.com<\/span><\/h2>\n<p>&nbsp;<\/p>\n<h2><span style=\"color: #808080\"><strong>ANARQUIA<\/strong><\/span><\/h2>\n<h2><span style=\"color: #008000\">*<\/span> <span style=\"color: #999999\"><span lang=\"es-CL\">http:\/\/rodomontesdeoca.blogspot.com<\/span><\/span><\/h2>\n<h2><span style=\"color: #999999\"><span style=\"font-family: Arial,Helvetica,sans-serif\"><span lang=\"es-CL\"><span style=\"color: #008000\">*<\/span> http:\/\/rodolfomontesdeoca.contrapoder.org.ve<\/span><\/span><\/span><\/h2>\n<h2><span style=\"color: #999999\"><span style=\"color: #008000\">* <\/span>http:\/\/www.nodo50.org\/anarcol<\/span><\/h2>\n<p>&nbsp;<\/p>\n<h2><span style=\"color: #808080\"><strong>LIBERACI\u00d3N ANIMAL Y LIBERACI\u00d3N DE LA TIERRA (\u201cECOLOGIA\u201d)<br \/>\n<\/strong><\/span><\/h2>\n<h2><span style=\"color: #999999\"><span style=\"color: #008000\">*<\/span> http:\/\/www.veganxs.blogspot.com<\/span><\/h2>\n<h2><span style=\"color: #008000\">*<\/span> <span style=\"color: #999999\">http:\/\/ideavegetal.blogspot.com<\/span><\/h2>\n<h2><span style=\"color: #008000\">* <\/span><span style=\"color: #999999\">http:\/\/www.manifestoantispecista.org<\/span><\/h2>\n<h2><span style=\"color: #008000\">* <\/span><span style=\"color: #999999\">https:\/\/cierraelzoo.wordpress.com<\/span><\/h2>\n<h2><span style=\"color: #008000\">*<\/span> <span style=\"color: #999999\">http:\/\/www.acabemosconlaexperimentacionanimal.com<\/span><\/h2>\n<h2><span style=\"color: #008000\">*<\/span> <span style=\"color: #999999\">http:\/\/www.especismocero.org<\/span><\/h2>\n<h2><span style=\"color: #008000\">*<\/span> <span style=\"color: #999999\">http:\/\/www.frentedeliberacionanimal.com<\/span><\/h2>\n<h2><span style=\"color: #008000\">*<\/span><span style=\"color: #999999\"> https:\/\/rebelionanimal.wordpress.com<\/span><\/h2>\n<h2><span style=\"color: #800000\">*<\/span> <span style=\"color: #999999\">http:\/\/www.brotesdeveganismo.blogspot.com<\/span><\/h2>\n<h2><span style=\"color: #800000\">\u00a0<\/span><\/h2>\n<p>&nbsp;<\/p>\n<h2><span style=\"color: #808080\"><strong>ALIMENTACI\u00d3N<\/strong><\/span><\/h2>\n<h2><span style=\"color: #008000\">*<\/span> <span style=\"color: #999999\">http:\/\/nomecomas.blogia.com\/<\/span><\/h2>\n<p>&nbsp;<\/p>\n<h2><span style=\"color: #808080\"><strong>ANTI-CIVILIZACI\u00d3N, ANTI-TECNOLOGIA, PRIMITIVISMO,\u2026<\/strong><\/span><\/h2>\n<h2><span style=\"color: #008000\">*<\/span> <span style=\"color: #999999\"><span lang=\"es-CL\">http:\/\/www.uniomystikaum.org<\/span><\/span><\/h2>\n<h2><span style=\"color: #008000\">*<\/span> <span style=\"color: #999999\">http:\/\/www.wildism.org<\/span><\/h2>\n<h2><span style=\"color: #008000\">*<\/span> <span style=\"color: #999999\"><span lang=\"es-CL\">http:\/\/theferalspacecollectivexvx.blogspot.com<\/span><\/span><\/h2>\n<h2><span style=\"color: #008000\">*<\/span> <span style=\"color: #999999\">https:\/\/antidev.wordpress.com\/<\/span><\/h2>\n<h2><span style=\"color: #008000\">*<\/span> <span style=\"color: #999999\">http:\/\/archivomoai.blogspot.com<\/span><\/h2>\n<h2><span style=\"color: #999999\"><span style=\"color: #008000\">*<\/span> http:\/\/negreverd.blogspot.com<\/span><\/h2>\n<h2><span style=\"color: #008000\">* <\/span><span lang=\"es-CL\" style=\"color: #999999\">https:\/\/criminelleetsauvage.wordpress.com<\/span><\/h2>\n<h2><span style=\"color: #008000\">* <\/span><span lang=\"es-CL\" style=\"color: #999999\">http:\/\/<\/span><span style=\"color: #999999\">isumatag.blogspot.com<\/span><\/h2>\n<h2><span style=\"color: #008000\">* <\/span><span style=\"color: #999999\">http:\/\/feralhouse.com<\/span><\/h2>\n<h2><span style=\"color: #008000\">*<\/span> <span style=\"color: #999999\">https:\/\/maldicionecoextremista.noblogs.org<\/span><\/h2>\n<h2><span style=\"color: #008000\">* <\/span><span style=\"color: #999999\">http:\/\/ednaturanaturans.blogspot.com<\/span><\/h2>\n<h2><span style=\"color: #008000\">* <\/span><span style=\"color: #999999\">http:\/\/gentechimarrona.blogspot.com<\/span><\/h2>\n<h2><span style=\"color: #008000\">* <\/span><span style=\"color: #999999\">http:\/\/ultimoreductosalvaje.blogspot.com<\/span><\/h2>\n<h2><span style=\"color: #008000\">* <\/span><span style=\"color: #999999\">http:\/\/edicionescolapso.blogspot.com<\/span><\/h2>\n<h2><span style=\"color: #008000\">* <\/span><span style=\"color: #999999\">http:\/\/www.scoop.it\/t\/naturaleza-salvaje<\/span><\/h2>\n<h2><span style=\"color: #008000\">* <\/span><span style=\"color: #999999\">http:\/\/www.naturalezaindomita.com<\/span><\/h2>\n<h2><span style=\"color: #800000\">*<\/span> <span style=\"color: #999999\">https:\/\/tierramaldita.wordpress.com<\/span><\/h2>\n<h2><span style=\"color: #999999\"><span style=\"color: #800000\">*<\/span> https:\/\/mataromorir.espivblogs.net<\/span><\/h2>\n<h2><span style=\"color: #999999\"><span style=\"color: #800000\">*<\/span> <strong><span style=\"font-family: Arial,Helvetica,sans-serif\"><span lang=\"es-CL\">https:\/\/sonetsasauvage.wordpress.com<\/span><\/span><\/strong><\/span><\/h2>\n<h2><span style=\"color: #999999\"><span style=\"color: #800000\">*<\/span> https:\/\/eltlatol.wordpress.com<\/span><\/h2>\n<p>&nbsp;<\/p>\n<h2><span style=\"color: #808080\"><strong>NIHILISMO, INDIVIDUX,\u2026<\/strong><\/span><\/h2>\n<h2><span style=\"color: #008000\">*<\/span> <span style=\"color: #999999\">https:\/\/individualistanarchists.noblogs.org<\/span><\/h2>\n<h2><span style=\"color: #008000\">*<\/span> <span style=\"color: #999999\">http:\/\/verdadesymentirasdeunareivindicativa.blogspot.com<\/span><\/h2>\n<h2><span style=\"color: #999999\"><span style=\"color: #008000\">*<\/span> http:\/\/abissonichilista.altervista.org<\/span><\/h2>\n<h2><span style=\"color: #999999\"><span style=\"color: #008000\">*<\/span> http:\/\/vereinvonegoistened.altervista.org<\/span><\/h2>\n<h2><span style=\"color: #999999\"><span style=\"color: #008000\">*<\/span> https:\/\/hominiscidiumed.noblogs.org<\/span><\/h2>\n<p>&nbsp;<\/p>\n<h2><span style=\"color: #808080\"><strong>ANTI-CARCEL Y PRESXS<br \/>\n<\/strong><\/span><\/h2>\n<h2><span style=\"color: #999999\"><span style=\"color: #008000\">*<\/span> https:\/\/claudicarnuncarendirsejamas.noblogs.org<\/span><\/h2>\n<h2><span style=\"color: #999999\"><span style=\"color: #008000\">*<\/span> https\/\/cnamedellin.espivblogs.net<\/span><\/h2>\n<h2><span style=\"color: #008000\">* <\/span><span style=\"color: #999999\">http:\/\/carceligualtortura.org<\/span><\/h2>\n<h2><span style=\"color: #008000\">*<\/span> <span style=\"color: #999999\">https:\/\/jornadadeagitacionysolidaridadporelcasosecurity.wordpress.com<\/span><\/h2>\n<h2><span style=\"color: #008000\">*<\/span> <span style=\"color: #999999\">https:\/\/freddymarcelojuan.noblogs.org<\/span><\/h2>\n<h2><span style=\"color: #008000\">*<\/span><span style=\"color: #999999\"> https:\/\/seanswain.noblogs.org<\/span><\/h2>\n<p>&nbsp;<\/p>\n<h2><span style=\"color: #808080\"><strong>INFORMATICA, HACKING, INTERNET,\u2026<\/strong><\/span><\/h2>\n<p>&nbsp;<\/p>\n<h2><span style=\"color: #808080\"><strong>SEXUALIDAD<\/strong><\/span><\/h2>\n<h2><span style=\"color: #999999\"><span style=\"color: #008000\">* <\/span>https:\/\/amorlibre.wordpress.com\/<\/span><\/h2>\n<h2><span style=\"color: #008000\">*<\/span> <span style=\"color: #999999\">http:\/\/www.nipichanicachufleta.blogspot.com<\/span><\/h2>\n<h2><span style=\"color: #999999\"><span style=\"color: #008000\">* <\/span><\/span><span lang=\"es-CL\" style=\"color: #999999\">https:\/\/grupodemujereslahoguera.wordpress.com\/<\/span><\/h2>\n<p>&nbsp;<\/p>\n<h2><span style=\"color: #808080\"><strong>DROGAS<\/strong><\/span><\/h2>\n<p>&nbsp;<\/p>\n<h2><span style=\"color: #808080\"><strong>ANTI-PSIQUIATR\u00cdA<\/strong><\/span><\/h2>\n<h2><span style=\"color: #008000\">*<\/span> <span style=\"color: #999999\">https:\/\/colectivoantipsiquiatria.wordpress.com<\/span><\/h2>\n<p>&nbsp;<\/p>\n<h2><span style=\"color: #808080\"><strong>SALUD<\/strong><\/span><\/h2>\n<p>&nbsp;<\/p>\n<h2><span style=\"color: #808080\"><strong>MEMORIA<\/strong><\/span><\/h2>\n<h2><span style=\"color: #008000\">*<\/span> <span style=\"color: #999999\">https:\/\/nuncaderodillasblog.wordpress.com\/<\/span><\/h2>\n<p>&nbsp;<\/p>\n<h2><span style=\"color: #808080\"><strong>OTROS<\/strong><\/span><\/h2>\n<p>&nbsp;<\/p>\n<h1 style=\"text-align: center\"><span style=\"color: #008000\"><strong>OTRXS<\/strong><\/span><\/h1>\n<h2><\/h2>\n","protected":false},"excerpt":{"rendered":"<p>En esta secci\u00f3n encontraran enlaces a sitios webs actualizados y des-actualizados de distintas tem\u00e1ticas. Los enlaces est\u00e1n se\u00f1alados por colores indicando si esta activo (actualizado) o no. quien quiera que enlacemos \u00absu\u00bb sitio y no este en la lista o &hellip; <a href=\"https:\/\/cyberpunk.noblogs.org\/?page_id=4233\">Sigue leyendo <span class=\"meta-nav\">&rarr;<\/span><\/a><\/p>\n","protected":false},"author":9930,"featured_media":0,"parent":0,"menu_order":5,"comment_status":"closed","ping_status":"closed","template":"","meta":{"footnotes":""},"class_list":["post-4233","page","type-page","status-publish","hentry"],"_links":{"self":[{"href":"https:\/\/cyberpunk.noblogs.org\/index.php?rest_route=\/wp\/v2\/pages\/4233","targetHints":{"allow":["GET"]}}],"collection":[{"href":"https:\/\/cyberpunk.noblogs.org\/index.php?rest_route=\/wp\/v2\/pages"}],"about":[{"href":"https:\/\/cyberpunk.noblogs.org\/index.php?rest_route=\/wp\/v2\/types\/page"}],"author":[{"embeddable":true,"href":"https:\/\/cyberpunk.noblogs.org\/index.php?rest_route=\/wp\/v2\/users\/9930"}],"replies":[{"embeddable":true,"href":"https:\/\/cyberpunk.noblogs.org\/index.php?rest_route=%2Fwp%2Fv2%2Fcomments&post=4233"}],"version-history":[{"count":22,"href":"https:\/\/cyberpunk.noblogs.org\/index.php?rest_route=\/wp\/v2\/pages\/4233\/revisions"}],"predecessor-version":[{"id":5140,"href":"https:\/\/cyberpunk.noblogs.org\/index.php?rest_route=\/wp\/v2\/pages\/4233\/revisions\/5140"}],"wp:attachment":[{"href":"https:\/\/cyberpunk.noblogs.org\/index.php?rest_route=%2Fwp%2Fv2%2Fmedia&parent=4233"}],"curies":[{"name":"wp","href":"https:\/\/api.w.org\/{rel}","templated":true}]}}